{"id":4413,"date":"2020-03-12T13:35:16","date_gmt":"2020-03-12T12:35:16","guid":{"rendered":"https:\/\/brainboost.de\/?page_id=4413"},"modified":"2020-03-12T14:20:09","modified_gmt":"2020-03-12T13:20:09","slug":"agb","status":"publish","type":"page","link":"https:\/\/brainboost.de\/en\/agb\/","title":{"rendered":"AGB"},"content":{"rendered":"\t\t<div data-elementor-type=\"wp-page\" data-elementor-id=\"4413\" class=\"elementor elementor-4413\" data-elementor-post-type=\"page\">\n\t\t\t\t\t\t<section class=\"has_eae_slider elementor-section elementor-top-section elementor-element elementor-element-3805c934 elementor-section-full_width elementor-section-height-min-height elementor-section-height-default elementor-section-items-middle\" data-eae-slider=\"15164\" data-id=\"3805c934\" data-element_type=\"section\" data-settings=\"{&quot;background_background&quot;:&quot;classic&quot;,&quot;shape_divider_top&quot;:&quot;mountains&quot;,&quot;shape_divider_bottom&quot;:&quot;mountains&quot;}\">\n\t\t\t\t\t\t\t<div class=\"elementor-background-overlay\"><\/div>\n\t\t\t\t\t\t<div class=\"elementor-shape elementor-shape-top\" aria-hidden=\"true\" data-negative=\"false\">\n\t\t\t<svg xmlns=\"http:\/\/www.w3.org\/2000\/svg\" viewBox=\"0 0 1000 100\" preserveAspectRatio=\"none\">\n\t<path class=\"elementor-shape-fill\" opacity=\"0.33\" d=\"M473,67.3c-203.9,88.3-263.1-34-320.3,0C66,119.1,0,59.7,0,59.7V0h1000v59.7 c0,0-62.1,26.1-94.9,29.3c-32.8,3.3-62.8-12.3-75.8-22.1C806,49.6,745.3,8.7,694.9,4.7S492.4,59,473,67.3z\"\/>\n\t<path class=\"elementor-shape-fill\" opacity=\"0.66\" d=\"M734,67.3c-45.5,0-77.2-23.2-129.1-39.1c-28.6-8.7-150.3-10.1-254,39.1 s-91.7-34.4-149.2,0C115.7,118.3,0,39.8,0,39.8V0h1000v36.5c0,0-28.2-18.5-92.1-18.5C810.2,18.1,775.7,67.3,734,67.3z\"\/>\n\t<path class=\"elementor-shape-fill\" d=\"M766.1,28.9c-200-57.5-266,65.5-395.1,19.5C242,1.8,242,5.4,184.8,20.6C128,35.8,132.3,44.9,89.9,52.5C28.6,63.7,0,0,0,0 h1000c0,0-9.9,40.9-83.6,48.1S829.6,47,766.1,28.9z\"\/>\n<\/svg>\t\t<\/div>\n\t\t\t\t<div class=\"elementor-shape elementor-shape-bottom\" aria-hidden=\"true\" data-negative=\"false\">\n\t\t\t<svg xmlns=\"http:\/\/www.w3.org\/2000\/svg\" viewBox=\"0 0 1000 100\" preserveAspectRatio=\"none\">\n\t<path class=\"elementor-shape-fill\" opacity=\"0.33\" d=\"M473,67.3c-203.9,88.3-263.1-34-320.3,0C66,119.1,0,59.7,0,59.7V0h1000v59.7 c0,0-62.1,26.1-94.9,29.3c-32.8,3.3-62.8-12.3-75.8-22.1C806,49.6,745.3,8.7,694.9,4.7S492.4,59,473,67.3z\"\/>\n\t<path class=\"elementor-shape-fill\" opacity=\"0.66\" d=\"M734,67.3c-45.5,0-77.2-23.2-129.1-39.1c-28.6-8.7-150.3-10.1-254,39.1 s-91.7-34.4-149.2,0C115.7,118.3,0,39.8,0,39.8V0h1000v36.5c0,0-28.2-18.5-92.1-18.5C810.2,18.1,775.7,67.3,734,67.3z\"\/>\n\t<path class=\"elementor-shape-fill\" d=\"M766.1,28.9c-200-57.5-266,65.5-395.1,19.5C242,1.8,242,5.4,184.8,20.6C128,35.8,132.3,44.9,89.9,52.5C28.6,63.7,0,0,0,0 h1000c0,0-9.9,40.9-83.6,48.1S829.6,47,766.1,28.9z\"\/>\n<\/svg>\t\t<\/div>\n\t\t\t\t\t<div class=\"elementor-container elementor-column-gap-default\">\n\t\t\t\t\t<div class=\"has_eae_slider elementor-column elementor-col-100 elementor-top-column elementor-element elementor-element-98d8ba2\" data-eae-slider=\"83904\" data-id=\"98d8ba2\" data-element_type=\"column\">\n\t\t\t<div class=\"elementor-widget-wrap elementor-element-populated\">\n\t\t\t\t\t\t<div class=\"elementor-element elementor-element-19f6c961 elementor-widget elementor-widget-heading\" data-id=\"19f6c961\" data-element_type=\"widget\" data-widget_type=\"heading.default\">\n\t\t\t\t<div class=\"elementor-widget-container\">\n\t\t\t\t\t<h1 class=\"elementor-heading-title elementor-size-default\">AGB<\/h1>\t\t\t\t<\/div>\n\t\t\t\t<\/div>\n\t\t\t\t\t<\/div>\n\t\t<\/div>\n\t\t\t\t\t<\/div>\n\t\t<\/section>\n\t\t\t\t<section class=\"has_eae_slider elementor-section elementor-top-section elementor-element elementor-element-71c6b60a elementor-section-boxed elementor-section-height-default elementor-section-height-default\" data-eae-slider=\"9577\" data-id=\"71c6b60a\" data-element_type=\"section\">\n\t\t\t\t\t\t<div class=\"elementor-container elementor-column-gap-default\">\n\t\t\t\t\t<div class=\"has_eae_slider elementor-column elementor-col-100 elementor-top-column elementor-element elementor-element-63bdcc74\" data-eae-slider=\"50456\" data-id=\"63bdcc74\" data-element_type=\"column\">\n\t\t\t<div class=\"elementor-widget-wrap elementor-element-populated\">\n\t\t\t\t\t\t<div class=\"elementor-element elementor-element-59780eaa elementor-widget elementor-widget-spacer\" data-id=\"59780eaa\" data-element_type=\"widget\" data-widget_type=\"spacer.default\">\n\t\t\t\t<div class=\"elementor-widget-container\">\n\t\t\t\t\t\t\t<div class=\"elementor-spacer\">\n\t\t\t<div class=\"elementor-spacer-inner\"><\/div>\n\t\t<\/div>\n\t\t\t\t\t\t<\/div>\n\t\t\t\t<\/div>\n\t\t\t\t<div class=\"elementor-element elementor-element-39647acb elementor-widget elementor-widget-text-editor\" data-id=\"39647acb\" data-element_type=\"widget\" data-widget_type=\"text-editor.default\">\n\t\t\t\t<div class=\"elementor-widget-container\">\n\t\t\t\t\t\t\t\t\t<h3><strong>Es gelten die gesetzlichen AGB.<\/strong><\/h3><h3><strong>Stornierungsregeln<\/strong><\/h3><p>Erg\u00e4nzend zu den gesetzlichen Regelungen gelten folgende Stornierungsregeln.<\/p><p>Die Stornierung eines Auftrags muss schriftlich erfolgen.<\/p><p>Im Falle eines R\u00fccktritts vom vereinbarten Vertrag fallen Stornokosten an\u00a0<\/p><ol><li style=\"font-weight: 400;\"><span style=\"font-weight: 400;\">Erfolgt der R\u00fccktritt mehr als 6 Wochen vor dem Datum unserer Leistungserbringung (gem. Angebot), fallen Stornokosten in H\u00f6he von 50% des Auftragsvolumen an.<\/span><\/li><li style=\"font-weight: 400;\"><span style=\"font-weight: 400;\">Erfolgt der R\u00fccktritt weniger als 6 Wochen aber l\u00e4nger als 14 Wochentage vor dem Datum der Leistungserbringung (gem. Angebot), sind 75% des Auftragsvolumen zu bezahlen.<\/span><\/li><li style=\"font-weight: 400;\"><span style=\"font-weight: 400;\">Erfolgt der R\u00fccktritt weniger als 14 Tage vor dem Datum der Leistungserbringung (gem. Angebot), so ist das volle Entgelt gem\u00e4\u00df unseres Angebots zu begleichen.<\/span><\/li><\/ol>\t\t\t\t\t\t\t\t<\/div>\n\t\t\t\t<\/div>\n\t\t\t\t<div class=\"elementor-element elementor-element-1aed29ea elementor-widget-divider--view-line elementor-widget elementor-widget-divider\" data-id=\"1aed29ea\" data-element_type=\"widget\" data-widget_type=\"divider.default\">\n\t\t\t\t<div class=\"elementor-widget-container\">\n\t\t\t\t\t\t\t<div class=\"elementor-divider\">\n\t\t\t<span class=\"elementor-divider-separator\">\n\t\t\t\t\t\t<\/span>\n\t\t<\/div>\n\t\t\t\t\t\t<\/div>\n\t\t\t\t<\/div>\n\t\t\t\t\t<\/div>\n\t\t<\/div>\n\t\t\t\t\t<\/div>\n\t\t<\/section>\n\t\t\t\t<section class=\"has_eae_slider elementor-section elementor-top-section elementor-element elementor-element-143442f elementor-section-boxed elementor-section-height-default elementor-section-height-default\" data-eae-slider=\"21581\" data-id=\"143442f\" data-element_type=\"section\" data-settings=\"{&quot;background_background&quot;:&quot;classic&quot;}\">\n\t\t\t\t\t\t<div class=\"elementor-container elementor-column-gap-default\">\n\t\t\t\t\t<div class=\"has_eae_slider elementor-column elementor-col-100 elementor-top-column elementor-element elementor-element-6616b7cc\" data-eae-slider=\"62378\" data-id=\"6616b7cc\" data-element_type=\"column\">\n\t\t\t<div class=\"elementor-widget-wrap elementor-element-populated\">\n\t\t\t\t\t\t<div class=\"elementor-element elementor-element-7167dd95 elementor-widget elementor-widget-spacer\" data-id=\"7167dd95\" data-element_type=\"widget\" data-widget_type=\"spacer.default\">\n\t\t\t\t<div class=\"elementor-widget-container\">\n\t\t\t\t\t\t\t<div class=\"elementor-spacer\">\n\t\t\t<div class=\"elementor-spacer-inner\"><\/div>\n\t\t<\/div>\n\t\t\t\t\t\t<\/div>\n\t\t\t\t<\/div>\n\t\t\t\t<div class=\"elementor-element elementor-element-174a9878 elementor-widget elementor-widget-text-editor\" data-id=\"174a9878\" data-element_type=\"widget\" data-widget_type=\"text-editor.default\">\n\t\t\t\t<div class=\"elementor-widget-container\">\n\t\t\t\t\t\t\t\t\t<h3><strong>The statutory general terms and conditions apply<\/strong><\/h3><h3><strong>Cancellation Rules<\/strong><\/h3><p><span style=\"font-weight: 400;\">In addition to the legal regulations, the following cancellation rules apply.<\/span><\/p><p><span style=\"font-weight: 400;\">The cancellation of an order must be made in writing.<\/span><\/p><p><span style=\"font-weight: 400;\">In the event of withdrawal from the agreed contract, cancellation costs are incurred<\/span><\/p><ol><li style=\"font-weight: 400;\"><span style=\"font-weight: 400;\">If the withdrawal takes place more than 6 weeks before the date of our service provision (according to offer), cancellation costs of 50% of the order volume are incurred.<\/span><\/li><li style=\"font-weight: 400;\"><span style=\"font-weight: 400;\">If the withdrawal occurs less than 6 weeks but more than 14 weekdays before the date of the service provision (according to offer), 75% of the order volume are incurred.<\/span><\/li><li style=\"font-weight: 400;\"><span style=\"font-weight: 400;\">If the withdrawal takes place less than 14 days before the date of the service provision (according to the offer), the full remuneration is to be paid in accordance with our offer.<\/span><\/li><\/ol>\t\t\t\t\t\t\t\t<\/div>\n\t\t\t\t<\/div>\n\t\t\t\t<div class=\"elementor-element elementor-element-280afd22 elementor-widget-divider--view-line elementor-widget elementor-widget-divider\" data-id=\"280afd22\" data-element_type=\"widget\" data-widget_type=\"divider.default\">\n\t\t\t\t<div class=\"elementor-widget-container\">\n\t\t\t\t\t\t\t<div class=\"elementor-divider\">\n\t\t\t<span class=\"elementor-divider-separator\">\n\t\t\t\t\t\t<\/span>\n\t\t<\/div>\n\t\t\t\t\t\t<\/div>\n\t\t\t\t<\/div>\n\t\t\t\t\t<\/div>\n\t\t<\/div>\n\t\t\t\t\t<\/div>\n\t\t<\/section>\n\t\t\t\t<\/div>\n\t\t","protected":false},"excerpt":{"rendered":"<p>AGB Es gelten die gesetzlichen AGB. Stornierungsregeln Erg\u00e4nzend zu den gesetzlichen Regelungen gelten folgende Stornierungsregeln. Die Stornierung eines Auftrags muss schriftlich erfolgen. Im Falle eines R\u00fccktritts vom vereinbarten Vertrag fallen Stornokosten an\u00a0 Erfolgt der R\u00fccktritt mehr als 6 Wochen vor dem Datum unserer Leistungserbringung (gem. Angebot), fallen Stornokosten in H\u00f6he von 50% des Auftragsvolumen an. [&hellip;]<\/p>\n","protected":false},"author":6,"featured_media":0,"parent":0,"menu_order":0,"comment_status":"closed","ping_status":"closed","template":"","meta":{"site-sidebar-layout":"no-sidebar","site-content-layout":"page-builder","ast-site-content-layout":"","site-content-style":"default","site-sidebar-style":"default","ast-global-header-display":"","ast-banner-title-visibility":"","ast-main-header-display":"","ast-hfb-above-header-display":"","ast-hfb-below-header-display":"","ast-hfb-mobile-header-display":"","site-post-title":"disabled","ast-breadcrumbs-content":"","ast-featured-img":"disabled","footer-sml-layout":"","theme-transparent-header-meta":"default","adv-header-id-meta":"","stick-header-meta":"default","header-above-stick-meta":"","header-main-stick-meta":"","header-below-stick-meta":"","astra-migrate-meta-layouts":"default","ast-page-background-enabled":"default","ast-page-background-meta":{"desktop":{"background-color":"","background-image":"","background-repeat":"repeat","background-position":"center center","background-size":"auto","background-attachment":"scroll","background-type":"","background-media":"","overlay-type":"","overlay-color":"","overlay-opacity":"","overlay-gradient":""},"tablet":{"background-color":"","background-image":"","background-repeat":"repeat","background-position":"center center","background-size":"auto","background-attachment":"scroll","background-type":"","background-media":"","overlay-type":"","overlay-color":"","overlay-opacity":"","overlay-gradient":""},"mobile":{"background-color":"","background-image":"","background-repeat":"repeat","background-position":"center center","background-size":"auto","background-attachment":"scroll","background-type":"","background-media":"","overlay-type":"","overlay-color":"","overlay-opacity":"","overlay-gradient":""}},"ast-content-background-meta":{"desktop":{"background-color":"var(--ast-global-color-5)","background-image":"","background-repeat":"repeat","background-position":"center center","background-size":"auto","background-attachment":"scroll","background-type":"","background-media":"","overlay-type":"","overlay-color":"","overlay-opacity":"","overlay-gradient":""},"tablet":{"background-color":"var(--ast-global-color-5)","background-image":"","background-repeat":"repeat","background-position":"center center","background-size":"auto","background-attachment":"scroll","background-type":"","background-media":"","overlay-type":"","overlay-color":"","overlay-opacity":"","overlay-gradient":""},"mobile":{"background-color":"var(--ast-global-color-5)","background-image":"","background-repeat":"repeat","background-position":"center center","background-size":"auto","background-attachment":"scroll","background-type":"","background-media":"","overlay-type":"","overlay-color":"","overlay-opacity":"","overlay-gradient":""}},"footnotes":""},"class_list":["post-4413","page","type-page","status-publish","hentry"],"yoast_head":"<!-- This site is optimized with the Yoast SEO plugin v25.3 - https:\/\/yoast.com\/wordpress\/plugins\/seo\/ -->\n<title>AGB - brainboost<\/title>\n<meta name=\"robots\" content=\"index, follow, max-snippet:-1, max-image-preview:large, max-video-preview:-1\" \/>\n<link rel=\"canonical\" href=\"https:\/\/brainboost.de\/agb\/\" \/>\n<meta property=\"og:locale\" content=\"en_US\" \/>\n<meta property=\"og:type\" content=\"article\" \/>\n<meta property=\"og:title\" content=\"AGB - brainboost\" \/>\n<meta property=\"og:description\" content=\"AGB Es gelten die gesetzlichen AGB. Stornierungsregeln Erg\u00e4nzend zu den gesetzlichen Regelungen gelten folgende Stornierungsregeln. Die Stornierung eines Auftrags muss schriftlich erfolgen. Im Falle eines R\u00fccktritts vom vereinbarten Vertrag fallen Stornokosten an\u00a0 Erfolgt der R\u00fccktritt mehr als 6 Wochen vor dem Datum unserer Leistungserbringung (gem. Angebot), fallen Stornokosten in H\u00f6he von 50% des Auftragsvolumen an. [&hellip;]\" \/>\n<meta property=\"og:url\" content=\"https:\/\/brainboost.de\/agb\/\" \/>\n<meta property=\"og:site_name\" content=\"brainboost\" \/>\n<meta property=\"article:publisher\" content=\"https:\/\/de-de.facebook.com\/Brainboost.Neurofeedback\/\" \/>\n<meta property=\"article:modified_time\" content=\"2020-03-12T13:20:09+00:00\" \/>\n<meta name=\"twitter:card\" content=\"summary_large_image\" \/>\n<meta name=\"twitter:label1\" content=\"Est. reading time\" \/>\n\t<meta name=\"twitter:data1\" content=\"1 minute\" \/>\n<script type=\"application\/ld+json\" class=\"yoast-schema-graph\">{\"@context\":\"https:\/\/schema.org\",\"@graph\":[{\"@type\":\"WebPage\",\"@id\":\"https:\/\/brainboost.de\/agb\/\",\"url\":\"https:\/\/brainboost.de\/agb\/\",\"name\":\"AGB - brainboost\",\"isPartOf\":{\"@id\":\"https:\/\/brainboost.de\/en\/#website\"},\"datePublished\":\"2020-03-12T12:35:16+00:00\",\"dateModified\":\"2020-03-12T13:20:09+00:00\",\"breadcrumb\":{\"@id\":\"https:\/\/brainboost.de\/agb\/#breadcrumb\"},\"inLanguage\":\"en-US\",\"potentialAction\":[{\"@type\":\"ReadAction\",\"target\":[\"https:\/\/brainboost.de\/agb\/\"]}]},{\"@type\":\"BreadcrumbList\",\"@id\":\"https:\/\/brainboost.de\/agb\/#breadcrumb\",\"itemListElement\":[{\"@type\":\"ListItem\",\"position\":1,\"name\":\"Home\",\"item\":\"https:\/\/brainboost.de\/\"},{\"@type\":\"ListItem\",\"position\":2,\"name\":\"AGB\"}]},{\"@type\":\"WebSite\",\"@id\":\"https:\/\/brainboost.de\/en\/#website\",\"url\":\"https:\/\/brainboost.de\/en\/\",\"name\":\"brainboost\",\"description\":\"brainboost - Neurofeedback | Betriebliches Gesundheitsmanagement | EEG Technologie | Coaching\",\"publisher\":{\"@id\":\"https:\/\/brainboost.de\/en\/#organization\"},\"potentialAction\":[{\"@type\":\"SearchAction\",\"target\":{\"@type\":\"EntryPoint\",\"urlTemplate\":\"https:\/\/brainboost.de\/en\/?s={search_term_string}\"},\"query-input\":{\"@type\":\"PropertyValueSpecification\",\"valueRequired\":true,\"valueName\":\"search_term_string\"}}],\"inLanguage\":\"en-US\"},{\"@type\":\"Organization\",\"@id\":\"https:\/\/brainboost.de\/en\/#organization\",\"name\":\"brainboost\",\"url\":\"https:\/\/brainboost.de\/en\/\",\"logo\":{\"@type\":\"ImageObject\",\"inLanguage\":\"en-US\",\"@id\":\"https:\/\/brainboost.de\/en\/#\/schema\/logo\/image\/\",\"url\":\"https:\/\/brainboost.de\/wp-content\/uploads\/2024\/04\/cropped-Brainboost_Schriftzug_gray.png\",\"contentUrl\":\"https:\/\/brainboost.de\/wp-content\/uploads\/2024\/04\/cropped-Brainboost_Schriftzug_gray.png\",\"width\":6168,\"height\":968,\"caption\":\"brainboost\"},\"image\":{\"@id\":\"https:\/\/brainboost.de\/en\/#\/schema\/logo\/image\/\"},\"sameAs\":[\"https:\/\/de-de.facebook.com\/Brainboost.Neurofeedback\/\",\"https:\/\/www.instagram.com\/brainboost_neurofeedback\",\"https:\/\/de.linkedin.com\/company\/brainboost-neurofeedback\",\"https:\/\/www.youtube.com\/channel\/UC6_f5BqE1U5ihKmh7Jc2beA\"]}]}<\/script>\n<!-- \/ Yoast SEO plugin. -->","yoast_head_json":{"title":"AGB - brainboost","robots":{"index":"index","follow":"follow","max-snippet":"max-snippet:-1","max-image-preview":"max-image-preview:large","max-video-preview":"max-video-preview:-1"},"canonical":"https:\/\/brainboost.de\/agb\/","og_locale":"en_US","og_type":"article","og_title":"AGB - brainboost","og_description":"AGB Es gelten die gesetzlichen AGB. Stornierungsregeln Erg\u00e4nzend zu den gesetzlichen Regelungen gelten folgende Stornierungsregeln. Die Stornierung eines Auftrags muss schriftlich erfolgen. Im Falle eines R\u00fccktritts vom vereinbarten Vertrag fallen Stornokosten an\u00a0 Erfolgt der R\u00fccktritt mehr als 6 Wochen vor dem Datum unserer Leistungserbringung (gem. Angebot), fallen Stornokosten in H\u00f6he von 50% des Auftragsvolumen an. [&hellip;]","og_url":"https:\/\/brainboost.de\/agb\/","og_site_name":"brainboost","article_publisher":"https:\/\/de-de.facebook.com\/Brainboost.Neurofeedback\/","article_modified_time":"2020-03-12T13:20:09+00:00","twitter_card":"summary_large_image","twitter_misc":{"Est. reading time":"1 minute"},"schema":{"@context":"https:\/\/schema.org","@graph":[{"@type":"WebPage","@id":"https:\/\/brainboost.de\/agb\/","url":"https:\/\/brainboost.de\/agb\/","name":"AGB - brainboost","isPartOf":{"@id":"https:\/\/brainboost.de\/en\/#website"},"datePublished":"2020-03-12T12:35:16+00:00","dateModified":"2020-03-12T13:20:09+00:00","breadcrumb":{"@id":"https:\/\/brainboost.de\/agb\/#breadcrumb"},"inLanguage":"en-US","potentialAction":[{"@type":"ReadAction","target":["https:\/\/brainboost.de\/agb\/"]}]},{"@type":"BreadcrumbList","@id":"https:\/\/brainboost.de\/agb\/#breadcrumb","itemListElement":[{"@type":"ListItem","position":1,"name":"Home","item":"https:\/\/brainboost.de\/"},{"@type":"ListItem","position":2,"name":"AGB"}]},{"@type":"WebSite","@id":"https:\/\/brainboost.de\/en\/#website","url":"https:\/\/brainboost.de\/en\/","name":"brainboost","description":"brainboost - Neurofeedback | Betriebliches Gesundheitsmanagement | EEG Technologie | Coaching","publisher":{"@id":"https:\/\/brainboost.de\/en\/#organization"},"potentialAction":[{"@type":"SearchAction","target":{"@type":"EntryPoint","urlTemplate":"https:\/\/brainboost.de\/en\/?s={search_term_string}"},"query-input":{"@type":"PropertyValueSpecification","valueRequired":true,"valueName":"search_term_string"}}],"inLanguage":"en-US"},{"@type":"Organization","@id":"https:\/\/brainboost.de\/en\/#organization","name":"brainboost","url":"https:\/\/brainboost.de\/en\/","logo":{"@type":"ImageObject","inLanguage":"en-US","@id":"https:\/\/brainboost.de\/en\/#\/schema\/logo\/image\/","url":"https:\/\/brainboost.de\/wp-content\/uploads\/2024\/04\/cropped-Brainboost_Schriftzug_gray.png","contentUrl":"https:\/\/brainboost.de\/wp-content\/uploads\/2024\/04\/cropped-Brainboost_Schriftzug_gray.png","width":6168,"height":968,"caption":"brainboost"},"image":{"@id":"https:\/\/brainboost.de\/en\/#\/schema\/logo\/image\/"},"sameAs":["https:\/\/de-de.facebook.com\/Brainboost.Neurofeedback\/","https:\/\/www.instagram.com\/brainboost_neurofeedback","https:\/\/de.linkedin.com\/company\/brainboost-neurofeedback","https:\/\/www.youtube.com\/channel\/UC6_f5BqE1U5ihKmh7Jc2beA"]}]}},"_links":{"self":[{"href":"https:\/\/brainboost.de\/en\/wp-json\/wp\/v2\/pages\/4413","targetHints":{"allow":["GET"]}}],"collection":[{"href":"https:\/\/brainboost.de\/en\/wp-json\/wp\/v2\/pages"}],"about":[{"href":"https:\/\/brainboost.de\/en\/wp-json\/wp\/v2\/types\/page"}],"author":[{"embeddable":true,"href":"https:\/\/brainboost.de\/en\/wp-json\/wp\/v2\/users\/6"}],"replies":[{"embeddable":true,"href":"https:\/\/brainboost.de\/en\/wp-json\/wp\/v2\/comments?post=4413"}],"version-history":[{"count":3,"href":"https:\/\/brainboost.de\/en\/wp-json\/wp\/v2\/pages\/4413\/revisions"}],"predecessor-version":[{"id":4418,"href":"https:\/\/brainboost.de\/en\/wp-json\/wp\/v2\/pages\/4413\/revisions\/4418"}],"wp:attachment":[{"href":"https:\/\/brainboost.de\/en\/wp-json\/wp\/v2\/media?parent=4413"}],"curies":[{"name":"wp","href":"https:\/\/api.w.org\/{rel}","templated":true}]}}